{"id":21195,"date":"2023-12-13T13:04:55","date_gmt":"2023-12-13T12:04:55","guid":{"rendered":"https:\/\/hf.media-corps.site\/competition"},"modified":"2025-09-15T23:59:16","modified_gmt":"2025-09-15T21:59:16","slug":"competition","status":"publish","type":"page","link":"https:\/\/hf.media-corps.site\/en\/raffle\/","title":{"rendered":"Competition"},"content":{"rendered":"\t\t<div data-elementor-type=\"wp-page\" data-elementor-id=\"21195\" class=\"elementor elementor-21195 elementor-15803\" data-elementor-post-type=\"page\">\n\t\t\t\t\t\t<section class=\"elementor-section elementor-top-section elementor-element elementor-element-13251f8 elementor-section-boxed elementor-section-height-default elementor-section-height-default\" data-id=\"13251f8\" data-element_type=\"section\" data-e-type=\"section\">\n\t\t\t\t\t\t<div class=\"elementor-container elementor-column-gap-default\">\n\t\t\t\t\t<div class=\"elementor-column elementor-col-100 elementor-top-column elementor-element elementor-element-34cf0fb\" data-id=\"34cf0fb\" data-element_type=\"column\" data-e-type=\"column\">\n\t\t\t<div class=\"elementor-widget-wrap elementor-element-populated\">\n\t\t\t\t\t\t<div class=\"elementor-element elementor-element-def5911 elementor-widget elementor-widget-heading\" data-id=\"def5911\" data-element_type=\"widget\" data-e-type=\"widget\" data-widget_type=\"heading.default\">\n\t\t\t\t<div class=\"elementor-widget-container\">\n\t\t\t\t\t<h1 class=\"elementor-heading-title elementor-size-default\">Conditions of participation <br>competition<\/h1>\t\t\t\t<\/div>\n\t\t\t\t<\/div>\n\t\t\t\t<div class=\"elementor-element elementor-element-0c393a5 elementor-widget__width-initial elementor-widget elementor-widget-text-editor\" data-id=\"0c393a5\" data-element_type=\"widget\" data-e-type=\"widget\" data-widget_type=\"text-editor.default\">\n\t\t\t\t<div class=\"elementor-widget-container\">\n\t\t\t\t\t\t\t\t\t<p><\/p>\n<p><strong>&nbsp;<\/strong><\/p>\n<p><strong>General information<\/strong><\/p>\n<p><span style=\"font-size: 12px;\">The competition is organized by Hauptstadtflo\u00df GmbH, located at Gustav-Holzmann-Stra\u00dfe 10, 10317 Berlin. Details will be announced in a post on their official Instagram feed. The competition&#8217;s end date is specified in the post&#8217;s description. Any changes will be communicated on the same social media platform.<\/span><\/p>\n<p><strong>Conditions of participation<\/strong><\/p>\n<p>All natural persons aged 18 and over residing in the Federal Republic of Germany are eligible to participate. Participation is possible once all entry requirements are met. Employees of Hauptstadtflo\u00df GmbH are not eligible. &nbsp;<\/p>\n<p><strong>Prizes<\/strong><\/p>\n<p>The products mentioned in the post can be won in the form of a voucher. Winners will be selected at random and notified via direct message no later than two weeks after the competition ends, as specified in the post. If a winner does not respond within 7 days, Hauptstadtflo\u00df GmbH reserves the right to select a new winner. Prizes will be sent by post or e-mail, and vouchers can be redeemed at Hauptstadtflo\u00df GmbH. Cash payments and exchanges for prizes are not possible.<\/p>\n<p><strong>Exclusion of participation<\/strong><\/p>\n<p>Anyone attempting to manipulate the results will be disqualified. Inappropriate messages and comments violating Instagram&#8217;s guidelines will be removed without notice, and their creators will be excluded from the competition. If a winner&#8217;s entry is deleted for these reasons, the entry is excluded, and Hauptstadtflo\u00df GmbH may select a new winner at random.&nbsp;<\/p>\n<p><strong>Subject to change<\/strong><\/p>\n<p>Hauptstadtflo\u00df GmbH reserves the right to suspend or terminate the competition at any time without providing reasons or announcing winners. If this occurs, no prizes will be awarded.<\/p>\n<p><strong>Legal regulations<\/strong><\/p>\n<p><span style=\"font-size: 12px;\">The competition is not affiliated with Instagram and is neither sponsored nor supported by them. The contact for the competition is Hauptstadtflo\u00df GmbH. By participating, entrants accept the terms and conditions and data protection provisions of Hauptstadtflo\u00df GmbH. Participants agree to the storage and processing of their personal data by Hauptstadtflo\u00df GmbH for competition, advertising, and information purposes. Consent can be revoked anytime by emailing info@hf.media-corps.site. Posts, comments, and messages on Instagram will remain visible until deleted by their creator<\/span>&nbsp;<\/p>\n<p style=\"text-align: center;\">\n<\/p>\t\t\t\t\t\t\t\t<\/div>\n\t\t\t\t<\/div>\n\t\t\t\t\t<\/div>\n\t\t<\/div>\n\t\t\t\t\t<\/div>\n\t\t<\/section>\n\t\t\t\t<\/div>\n\t\t","protected":false},"excerpt":{"rendered":"<p>Conditions of participation competition \u00a0 General information The competition is organized by Hauptstadtflo\u00df GmbH, located at Gustav-Holzmann-Stra\u00dfe 10, 10317 Berlin. Details will be announced in a post on their official Instagram feed. The competition&#8217;s end date is specified in the post&#8217;s description. Any changes will be communicated on the same social media platform. Conditions of [&hellip;]<\/p>\n","protected":false},"author":7,"featured_media":0,"parent":0,"menu_order":0,"comment_status":"closed","ping_status":"closed","template":"","meta":{"_acf_changed":false,"footnotes":""},"class_list":["post-21195","page","type-page","status-publish","hentry"],"acf":[],"_links":{"self":[{"href":"https:\/\/hf.media-corps.site\/en\/wp-json\/wp\/v2\/pages\/21195","targetHints":{"allow":["GET"]}}],"collection":[{"href":"https:\/\/hf.media-corps.site\/en\/wp-json\/wp\/v2\/pages"}],"about":[{"href":"https:\/\/hf.media-corps.site\/en\/wp-json\/wp\/v2\/types\/page"}],"author":[{"embeddable":true,"href":"https:\/\/hf.media-corps.site\/en\/wp-json\/wp\/v2\/users\/7"}],"replies":[{"embeddable":true,"href":"https:\/\/hf.media-corps.site\/en\/wp-json\/wp\/v2\/comments?post=21195"}],"version-history":[{"count":5,"href":"https:\/\/hf.media-corps.site\/en\/wp-json\/wp\/v2\/pages\/21195\/revisions"}],"predecessor-version":[{"id":21826,"href":"https:\/\/hf.media-corps.site\/en\/wp-json\/wp\/v2\/pages\/21195\/revisions\/21826"}],"wp:attachment":[{"href":"https:\/\/hf.media-corps.site\/en\/wp-json\/wp\/v2\/media?parent=21195"}],"curies":[{"name":"wp","href":"https:\/\/api.w.org\/{rel}","templated":true}]}}